{"id":29,"date":"2026-04-16T08:52:38","date_gmt":"2026-04-16T08:52:38","guid":{"rendered":"https:\/\/noemieganan.art\/?page_id=29"},"modified":"2026-04-16T13:23:14","modified_gmt":"2026-04-16T13:23:14","slug":"inicio","status":"publish","type":"page","link":"https:\/\/noemieganan.art\/","title":{"rendered":""},"content":{"rendered":"\n<h1 class=\"wp-block-heading has-text-align-center\">No\u00e9mie Ganan<\/h1>\n\n\n\n<h2 class=\"wp-block-heading has-text-align-center\"><br>Traducci\u00f3n \u00b7 Gesti\u00f3n de Proyectos \u00b7 Ense\u00f1anza de Idiomas<\/h2>\n\n\n\n<p class=\"has-text-align-center\">Amplia experiencia en traducci\u00f3n, gesti\u00f3n de proyectos y docencia. Trabajo con espa\u00f1ol y franc\u00e9s (biling\u00fce), ingl\u00e9s e italiano. Ofrezco soluciones ling\u00fc\u00edsticas de alta calidad.<\/p>\n\n\n\n<div style=\"margin-top:11;margin-bottom:11;height:100px\" aria-hidden=\"true\" class=\"wp-block-spacer\"><\/div>\n\n\n\n<figure class=\"wp-block-image aligncenter size-large is-resized\"><img fetchpriority=\"high\" decoding=\"async\" width=\"1024\" height=\"768\" src=\"https:\/\/noemieganan.art\/wp-content\/uploads\/2026\/04\/IMG_20250908_095823-1-1024x768.jpg\" alt=\"\" class=\"wp-image-36\" style=\"width:389px;height:auto\" srcset=\"https:\/\/noemieganan.art\/wp-content\/uploads\/2026\/04\/IMG_20250908_095823-1-1024x768.jpg 1024w, https:\/\/noemieganan.art\/wp-content\/uploads\/2026\/04\/IMG_20250908_095823-1-300x225.jpg 300w, https:\/\/noemieganan.art\/wp-content\/uploads\/2026\/04\/IMG_20250908_095823-1-768x576.jpg 768w, https:\/\/noemieganan.art\/wp-content\/uploads\/2026\/04\/IMG_20250908_095823-1-1536x1152.jpg 1536w, https:\/\/noemieganan.art\/wp-content\/uploads\/2026\/04\/IMG_20250908_095823-1-2048x1536.jpg 2048w\" sizes=\"(max-width: 1024px) 100vw, 1024px\" \/><\/figure>\n\n\n\n<p class=\"has-drop-cap\"><\/p>\n","protected":false},"excerpt":{"rendered":"<p>No\u00e9mie Ganan Traducci\u00f3n \u00b7 Gesti\u00f3n de Proyectos \u00b7 Ense\u00f1anza de Idiomas Amplia experiencia en traducci\u00f3n, gesti\u00f3n de proyectos y docencia. Trabajo con espa\u00f1ol y franc\u00e9s (biling\u00fce), ingl\u00e9s e italiano. Ofrezco soluciones ling\u00fc\u00edsticas de alta calidad.<\/p>\n","protected":false},"author":1,"featured_media":0,"parent":0,"menu_order":0,"comment_status":"closed","ping_status":"closed","template":"","meta":{"footnotes":""},"class_list":["post-29","page","type-page","status-publish","hentry"],"_links":{"self":[{"href":"https:\/\/noemieganan.art\/index.php?rest_route=\/wp\/v2\/pages\/29","targetHints":{"allow":["GET"]}}],"collection":[{"href":"https:\/\/noemieganan.art\/index.php?rest_route=\/wp\/v2\/pages"}],"about":[{"href":"https:\/\/noemieganan.art\/index.php?rest_route=\/wp\/v2\/types\/page"}],"author":[{"embeddable":true,"href":"https:\/\/noemieganan.art\/index.php?rest_route=\/wp\/v2\/users\/1"}],"replies":[{"embeddable":true,"href":"https:\/\/noemieganan.art\/index.php?rest_route=%2Fwp%2Fv2%2Fcomments&post=29"}],"version-history":[{"count":5,"href":"https:\/\/noemieganan.art\/index.php?rest_route=\/wp\/v2\/pages\/29\/revisions"}],"predecessor-version":[{"id":33,"href":"https:\/\/noemieganan.art\/index.php?rest_route=\/wp\/v2\/pages\/29\/revisions\/33"}],"wp:attachment":[{"href":"https:\/\/noemieganan.art\/index.php?rest_route=%2Fwp%2Fv2%2Fmedia&parent=29"}],"curies":[{"name":"wp","href":"https:\/\/api.w.org\/{rel}","templated":true}]}}